{"id":2655,"date":"2016-11-28T17:46:59","date_gmt":"2016-11-28T23:46:59","guid":{"rendered":"http:\/\/pyr-solutions.com\/politicas-de-privacidad\/"},"modified":"2020-12-01T11:53:01","modified_gmt":"2020-12-01T17:53:01","slug":"politicas-de-privacidad","status":"publish","type":"page","link":"https:\/\/pyr-solutions.com\/en\/politicas-de-privacidad\/","title":{"rendered":"Pol\u00edticas de Privacidad"},"content":{"rendered":"<div id=\"dslc-theme-content\"><div id=\"dslc-theme-content-inner\"><div id=\"dslc-content\" class=\"dslc-content dslc-clearfix\">\n<div id=\"dslc-main\">\n<div  class=\"dslc-modules-section \" style=\"\" data-section-id=\"\">\n<div class=\"dslc-modules-section-wrapper dslc-clearfix\">\n<style type=\"text\/css\" id=\"dslca-modules-area-\"><\/style>\n<div  class=\"dslc-modules-area dslc-col dslc-12-col dslc-last-col\" data-size=\"12\" data-valign=\"\" data-modules-area-id=\"\" >\n<div id=\"dslc-module-522\" class=\"dslc-module-front dslc-module-DSLC_Text_Simple dslc-in-viewport-check dslc-in-viewport-anim-none  dslc-col dslc-12-col  dslc-module-handle-like-regular \" data-module-id=\"522\" data-module=\"DSLC_Text_Simple\" data-dslc-module-size=\"12\" data-dslc-anim=\"none\" data-dslc-anim-delay=\"0\" data-dslc-anim-duration=\"650\"  data-dslc-anim-easing=\"ease\" data-dslc-preset=\"none\" >\n<div class=\"dslc-text-module-content\">\n<p>AVISO LEGAL&nbsp;<\/p>\n<\/p><\/div>\n<\/p><\/div>\n<p><!-- .dslc-module -->\n\t\t<\/div>\n<style type=\"text\/css\" id=\"dslca-modules-area-\"><\/style>\n<div  class=\"dslc-modules-area dslc-col dslc-12-col dslc-last-col\" data-size=\"12\" data-valign=\"\" data-modules-area-id=\"\" >\n<div id=\"dslc-module-523\" class=\"dslc-module-front dslc-module-DSLC_Text_Simple dslc-in-viewport-check dslc-in-viewport-anim-none  dslc-col dslc-12-col  dslc-module-handle-like-regular \" data-module-id=\"523\" data-module=\"DSLC_Text_Simple\" data-dslc-module-size=\"12\" data-dslc-anim=\"none\" data-dslc-anim-delay=\"0\" data-dslc-anim-duration=\"650\"  data-dslc-anim-easing=\"ease\" data-dslc-preset=\"none\" >\n<div class=\"dslc-text-module-content\">\n<p><span style=\"font-weight: 400;\" data-mce-style=\"font-weight: 400;\">En cumplimiento del art\u00edculo 10 de la Ley 34\/2002, del 11 de julio, de servicios de la Sociedad de la Informaci\u00f3n y Comercio Electr\u00f3nico (LSSICE) se exponen a continuaci\u00f3n los datos identificativos de la empresa.<\/span><\/p>\n<h4><span style=\"font-weight: 400;\" data-mce-style=\"font-weight: 400;\">Denominaci\u00f3n social:<\/span><\/h4>\n<p><span style=\"font-weight: 400;\" data-mce-style=\"font-weight: 400;\">MANAGER PYR SOLUTIONS SL<\/span><\/p>\n<h4><span style=\"font-weight: 400;\" data-mce-style=\"font-weight: 400;\">Correo electr\u00f3nico:<\/span><\/h4>\n<p><span style=\"font-weight: 400;\" data-mce-style=\"font-weight: 400;\">info@pyr-solutions.com<\/span><\/p>\n<h4><span style=\"font-weight: 400;\" data-mce-style=\"font-weight: 400;\">Datos de inscripci\u00f3n en el registro mercantil:<\/span><\/h4>\n<p><span style=\"font-weight: 400;\" data-mce-style=\"font-weight: 400;\">Pisos y Relocation Solutions, sociedad limitada constituida en Madrid, por Escritura P\u00fablica e inscrita en el Registro Mercantil.<\/span><\/p>\n<p><span style=\"font-weight: 400;\" data-mce-style=\"font-weight: 400;\">Datos relativos a la autorizaci\u00f3n administrativa previa para el ejercicio de la actividad:<\/span><\/p>\n<p><span style=\"font-weight: 400;\" data-mce-style=\"font-weight: 400;\">Alquiler de viviendas en las ciudades de Madrid y Barcelona.<\/span><\/p>\n<h4><span style=\"font-weight: 400;\" data-mce-style=\"font-weight: 400;\">Titulaci\u00f3n acad\u00e9mica:<\/span><\/h4>\n<p><span style=\"font-weight: 400;\" data-mce-style=\"font-weight: 400;\">Todos nuestros profesionales cuentan con una amplia experiencia en el sector inmobiliario.<\/span><\/p>\n<h4><span style=\"font-weight: 400;\" data-mce-style=\"font-weight: 400;\">Precios y condiciones:<\/span><\/h4>\n<p><span style=\"font-weight: 400;\" data-mce-style=\"font-weight: 400;\">A determinar por los propietarios de cada vivienda.<\/span><\/p>\n<h4><span style=\"font-weight: 400;\" data-mce-style=\"font-weight: 400;\">Forma y gastos de env\u00edo:\ufeff\ufeff<\/span><\/h4>\n<p><span style=\"font-weight: 400;\" data-mce-style=\"font-weight: 400;\">A determinar por los propietarios de cada vivienda.<\/span><\/p>\n<p><span style=\"font-weight: 400;\" data-mce-style=\"font-weight: 400;\">Este sitio web ha sido creado por la empresa PYR SOLUTIONS con car\u00e1cter informativo y para uso personal de los usuarios. A trav\u00e9s de este Aviso legal, se pretende regular el acceso y uso de este sitio web, as\u00ed como la relaci\u00f3n entre el sitio web y sus usuarios. Accediendo a este sitio web se aceptan los siguientes t\u00e9rminos y condiciones: El acceso a este sitio web es responsabilidad exclusiva de los usuarios.<\/span><\/p>\n<p><span style=\"font-weight: 400;\" data-mce-style=\"font-weight: 400;\">El simple acceso a este sitio web no supone entablar ning\u00fan tipo de relaci\u00f3n comercial entre PYR SOLUTIONS y el usuario.<\/span><\/p>\n<p><span style=\"font-weight: 400;\" data-mce-style=\"font-weight: 400;\">El acceso y la navegaci\u00f3n en este sitio web supone aceptar y conocer las advertencias legales, condiciones y t\u00e9rminos de uso contenidas en ella.<\/span><\/p>\n<p><span style=\"font-weight: 400;\" data-mce-style=\"font-weight: 400;\">El titular del sitio web puede ofrecer servicios o productos que podr\u00e1n encontrarse sometidos a unas condiciones particulares propias que, seg\u00fan los casos, sustituyan, completen y\/o modifiquen las presentes condiciones, y sobre las cuales se informar\u00e1 al usuario en cada caso concreto.<\/span><\/p>\n<\/p><\/div>\n<\/p><\/div>\n<p><!-- .dslc-module -->\n\t\t<\/div>\n<\/p><\/div>\n<\/div><\/div>\n<\/div>\n<\/div><\/div>","protected":false},"excerpt":{"rendered":"<p>AVISO LEGAL&nbsp; En cumplimiento del art\u00edculo 10 de la Ley 34\/2002, del 11 de julio, de servicios de la Sociedad&hellip;<\/p>\n","protected":false},"author":3,"featured_media":0,"parent":0,"menu_order":0,"comment_status":"closed","ping_status":"closed","template":"","meta":{"footnotes":""},"yoast_head":"<!-- This site is optimized with the Yoast SEO plugin v26.8 - https:\/\/yoast.com\/product\/yoast-seo-wordpress\/ -->\n<title>Pol\u00edticas de Privacidad - PYR Solutions<\/title>\n<meta name=\"robots\" content=\"index, follow, max-snippet:-1, max-image-preview:large, max-video-preview:-1\" \/>\n<link rel=\"canonical\" href=\"https:\/\/pyr-solutions.com\/en\/politicas-de-privacidad\/\" \/>\n<meta property=\"og:locale\" content=\"en_US\" \/>\n<meta property=\"og:type\" content=\"article\" \/>\n<meta property=\"og:title\" content=\"Pol\u00edticas de Privacidad - PYR Solutions\" \/>\n<meta property=\"og:description\" content=\"AVISO LEGAL&nbsp; En cumplimiento del art\u00edculo 10 de la Ley 34\/2002, del 11 de julio, de servicios de la Sociedad&hellip;\" \/>\n<meta property=\"og:url\" content=\"https:\/\/pyr-solutions.com\/en\/politicas-de-privacidad\/\" \/>\n<meta property=\"og:site_name\" content=\"PYR Solutions\" \/>\n<meta property=\"article:modified_time\" content=\"2020-12-01T17:53:01+00:00\" \/>\n<meta name=\"twitter:card\" content=\"summary_large_image\" \/>\n<meta name=\"twitter:label1\" content=\"Est. reading time\" \/>\n\t<meta name=\"twitter:data1\" content=\"2 minutes\" \/>\n<script type=\"application\/ld+json\" class=\"yoast-schema-graph\">{\"@context\":\"https:\/\/schema.org\",\"@graph\":[{\"@type\":\"WebPage\",\"@id\":\"https:\/\/pyr-solutions.com\/en\/politicas-de-privacidad\/\",\"url\":\"https:\/\/pyr-solutions.com\/en\/politicas-de-privacidad\/\",\"name\":\"Pol\u00edticas de Privacidad - PYR Solutions\",\"isPartOf\":{\"@id\":\"https:\/\/pyr-solutions.com\/#website\"},\"datePublished\":\"2016-11-28T23:46:59+00:00\",\"dateModified\":\"2020-12-01T17:53:01+00:00\",\"breadcrumb\":{\"@id\":\"https:\/\/pyr-solutions.com\/en\/politicas-de-privacidad\/#breadcrumb\"},\"inLanguage\":\"en-US\",\"potentialAction\":[{\"@type\":\"ReadAction\",\"target\":[\"https:\/\/pyr-solutions.com\/en\/politicas-de-privacidad\/\"]}]},{\"@type\":\"BreadcrumbList\",\"@id\":\"https:\/\/pyr-solutions.com\/en\/politicas-de-privacidad\/#breadcrumb\",\"itemListElement\":[{\"@type\":\"ListItem\",\"position\":1,\"name\":\"Inicio\",\"item\":\"https:\/\/pyr-solutions.com\/en\/\"},{\"@type\":\"ListItem\",\"position\":2,\"name\":\"Pol\u00edticas de Privacidad\"}]},{\"@type\":\"WebSite\",\"@id\":\"https:\/\/pyr-solutions.com\/#website\",\"url\":\"https:\/\/pyr-solutions.com\/\",\"name\":\"PYR Solutions\",\"description\":\"Pyr solutions create for AlanOrt \/ LeoVar\",\"potentialAction\":[{\"@type\":\"SearchAction\",\"target\":{\"@type\":\"EntryPoint\",\"urlTemplate\":\"https:\/\/pyr-solutions.com\/?s={search_term_string}\"},\"query-input\":{\"@type\":\"PropertyValueSpecification\",\"valueRequired\":true,\"valueName\":\"search_term_string\"}}],\"inLanguage\":\"en-US\"}]}<\/script>\n<!-- \/ Yoast SEO plugin. -->","yoast_head_json":{"title":"Pol\u00edticas de Privacidad - PYR Solutions","robots":{"index":"index","follow":"follow","max-snippet":"max-snippet:-1","max-image-preview":"max-image-preview:large","max-video-preview":"max-video-preview:-1"},"canonical":"https:\/\/pyr-solutions.com\/en\/politicas-de-privacidad\/","og_locale":"en_US","og_type":"article","og_title":"Pol\u00edticas de Privacidad - PYR Solutions","og_description":"AVISO LEGAL&nbsp; En cumplimiento del art\u00edculo 10 de la Ley 34\/2002, del 11 de julio, de servicios de la Sociedad&hellip;","og_url":"https:\/\/pyr-solutions.com\/en\/politicas-de-privacidad\/","og_site_name":"PYR Solutions","article_modified_time":"2020-12-01T17:53:01+00:00","twitter_card":"summary_large_image","twitter_misc":{"Est. reading time":"2 minutes"},"schema":{"@context":"https:\/\/schema.org","@graph":[{"@type":"WebPage","@id":"https:\/\/pyr-solutions.com\/en\/politicas-de-privacidad\/","url":"https:\/\/pyr-solutions.com\/en\/politicas-de-privacidad\/","name":"Pol\u00edticas de Privacidad - PYR Solutions","isPartOf":{"@id":"https:\/\/pyr-solutions.com\/#website"},"datePublished":"2016-11-28T23:46:59+00:00","dateModified":"2020-12-01T17:53:01+00:00","breadcrumb":{"@id":"https:\/\/pyr-solutions.com\/en\/politicas-de-privacidad\/#breadcrumb"},"inLanguage":"en-US","potentialAction":[{"@type":"ReadAction","target":["https:\/\/pyr-solutions.com\/en\/politicas-de-privacidad\/"]}]},{"@type":"BreadcrumbList","@id":"https:\/\/pyr-solutions.com\/en\/politicas-de-privacidad\/#breadcrumb","itemListElement":[{"@type":"ListItem","position":1,"name":"Inicio","item":"https:\/\/pyr-solutions.com\/en\/"},{"@type":"ListItem","position":2,"name":"Pol\u00edticas de Privacidad"}]},{"@type":"WebSite","@id":"https:\/\/pyr-solutions.com\/#website","url":"https:\/\/pyr-solutions.com\/","name":"PYR Solutions","description":"Pyr solutions create for AlanOrt \/ LeoVar","potentialAction":[{"@type":"SearchAction","target":{"@type":"EntryPoint","urlTemplate":"https:\/\/pyr-solutions.com\/?s={search_term_string}"},"query-input":{"@type":"PropertyValueSpecification","valueRequired":true,"valueName":"search_term_string"}}],"inLanguage":"en-US"}]}},"_links":{"self":[{"href":"https:\/\/pyr-solutions.com\/en\/wp-json\/wp\/v2\/pages\/2655","targetHints":{"allow":["GET"]}}],"collection":[{"href":"https:\/\/pyr-solutions.com\/en\/wp-json\/wp\/v2\/pages"}],"about":[{"href":"https:\/\/pyr-solutions.com\/en\/wp-json\/wp\/v2\/types\/page"}],"wp:attachment":[{"href":"https:\/\/pyr-solutions.com\/en\/wp-json\/wp\/v2\/media?parent=2655"}],"curies":[{"name":"wp","href":"https:\/\/api.w.org\/{rel}","templated":true}]}}